{"id":12,"date":"2016-03-21T09:38:22","date_gmt":"2016-03-21T08:38:22","guid":{"rendered":"http:\/\/www.lesatheneennes.ch\/archive\/2016\/?page_id=12"},"modified":"2016-04-09T13:54:00","modified_gmt":"2016-04-09T12:54:00","slug":"les-artistes","status":"publish","type":"page","link":"https:\/\/www.lesatheneennes.ch\/archive\/2016\/les-artistes\/","title":{"rendered":"LES ARTISTES"},"content":{"rendered":"<p><strong>Dame Felicity Lott<br \/>\nDavid Fray<br \/>\nAlain Carr\u00e9<br \/>\nJacqueline Bourg\u00e8s-Maunoury<br \/>\nAmazing Keystone Big Band<br \/>\nG\u00e9rard Causs\u00e9<br \/>\nQuatuor Modigliani<br \/>\nC\u00e9dric Pescia<br \/>\nHenri Demarquette<br \/>\nElina Duni<br \/>\nArties Chamber Orchestra<br \/>\nQuatuor Cavatine<br \/>\nSarah Nemtanu<br \/>\nAudrey Vigoureux<br \/>\nThomas Enhco Trio<br \/>\nPatrick Messina<br \/>\nPierre Fouchenneret<br \/>\nPedro Segundo<br \/>\nJon Boutellier<br \/>\nJean Bollinger<br \/>\nColin Vallon<br \/>\nScience Fiction Lieder<br \/>\nDavid Enhco<br \/>\nNicolas Masson<br \/>\nMarc Perrenoud<br \/>\nEklekto Percussion<br \/>\nJean-Frederic Neuburger<br \/>\nLaurent Coulondre Trio<br \/>\nChristoph Irniger &amp; Michael Bates<br \/>\nPierre Mancinelli &amp; Thomas Delclaud<br \/>\n<\/strong><\/p>\n","protected":false},"excerpt":{"rendered":"<p>Dame Felicity Lott David Fray Alain Carr\u00e9 Jacqueline Bourg\u00e8s-Maunoury Amazing Keystone Big Band G\u00e9rard Causs\u00e9 Quatuor Modigliani C\u00e9dric Pescia Henri Demarquette Elina Duni Arties Chamber Orchestra Quatuor Cavatine Sarah Nemtanu Audrey Vigoureux Thomas Enhco Trio Patrick Messina Pierre Fouchenneret Pedro Segundo Jon Boutellier Jean Bollinger Colin Vallon Science Fiction Lieder David Enhco Nicolas Masson Marc &hellip; <a href=\"https:\/\/www.lesatheneennes.ch\/archive\/2016\/les-artistes\/\" class=\"more-link\">Continuer la lecture<span class=\"screen-reader-text\"> de &laquo;&nbsp;LES ARTISTES&nbsp;&raquo;<\/span><\/a><\/p>\n","protected":false},"author":1,"featured_media":0,"parent":0,"menu_order":0,"comment_status":"closed","ping_status":"closed","template":"artistes.php","meta":[],"acf":[],"_links":{"self":[{"href":"https:\/\/www.lesatheneennes.ch\/archive\/2016\/wp-json\/wp\/v2\/pages\/12"}],"collection":[{"href":"https:\/\/www.lesatheneennes.ch\/archive\/2016\/wp-json\/wp\/v2\/pages"}],"about":[{"href":"https:\/\/www.lesatheneennes.ch\/archive\/2016\/wp-json\/wp\/v2\/types\/page"}],"author":[{"embeddable":true,"href":"https:\/\/www.lesatheneennes.ch\/archive\/2016\/wp-json\/wp\/v2\/users\/1"}],"replies":[{"embeddable":true,"href":"https:\/\/www.lesatheneennes.ch\/archive\/2016\/wp-json\/wp\/v2\/comments?post=12"}],"version-history":[{"count":44,"href":"https:\/\/www.lesatheneennes.ch\/archive\/2016\/wp-json\/wp\/v2\/pages\/12\/revisions"}],"predecessor-version":[{"id":950,"href":"https:\/\/www.lesatheneennes.ch\/archive\/2016\/wp-json\/wp\/v2\/pages\/12\/revisions\/950"}],"wp:attachment":[{"href":"https:\/\/www.lesatheneennes.ch\/archive\/2016\/wp-json\/wp\/v2\/media?parent=12"}],"curies":[{"name":"wp","href":"https:\/\/api.w.org\/{rel}","templated":true}]}}