{"id":3754,"date":"2018-05-23T09:37:21","date_gmt":"2018-05-23T07:37:21","guid":{"rendered":"https:\/\/www.lesatheneennes.ch\/archive\/2022\/?page_id=3754"},"modified":"2022-05-10T17:26:26","modified_gmt":"2022-05-10T15:26:26","slug":"amis-des-atheneennes","status":"publish","type":"page","link":"https:\/\/www.lesatheneennes.ch\/archive\/2022\/amis-des-atheneennes\/","title":{"rendered":"Amis des ath\u00e9n\u00e9ennes"},"content":{"rendered":"","protected":false},"excerpt":{"rendered":"","protected":false},"author":1,"featured_media":0,"parent":0,"menu_order":0,"comment_status":"closed","ping_status":"closed","template":"amis-des-atheneennes.php","meta":[],"acf":[],"yoast_head":"<!-- This site is optimized with the Yoast SEO plugin v18.5.1 - https:\/\/yoast.com\/wordpress\/plugins\/seo\/ -->\n<title>Amis des ath\u00e9n\u00e9ennes - Les Ath\u00e9n\u00e9ennes 2022<\/title>\n<meta name=\"robots\" content=\"index, follow, max-snippet:-1, max-image-preview:large, max-video-preview:-1\" \/>\n<link rel=\"canonical\" href=\"https:\/\/www.lesatheneennes.ch\/archive\/2022\/amis-des-atheneennes\/\" \/>\n<meta property=\"og:locale\" content=\"fr_FR\" \/>\n<meta property=\"og:type\" content=\"article\" \/>\n<meta property=\"og:title\" content=\"Amis des ath\u00e9n\u00e9ennes - Les Ath\u00e9n\u00e9ennes 2022\" \/>\n<meta property=\"og:url\" content=\"https:\/\/www.lesatheneennes.ch\/archive\/2022\/amis-des-atheneennes\/\" \/>\n<meta property=\"og:site_name\" content=\"Les Ath\u00e9n\u00e9ennes 2022\" \/>\n<meta property=\"article:publisher\" content=\"https:\/\/www.facebook.com\/lesatheneennes\/\" \/>\n<meta property=\"article:modified_time\" content=\"2022-05-10T15:26:26+00:00\" \/>\n<meta name=\"twitter:card\" content=\"summary\" \/>\n<script type=\"application\/ld+json\" class=\"yoast-schema-graph\">{\"@context\":\"https:\/\/schema.org\",\"@graph\":[{\"@type\":\"WebSite\",\"@id\":\"https:\/\/www.lesatheneennes.ch\/archive\/2022\/#website\",\"url\":\"https:\/\/www.lesatheneennes.ch\/archive\/2022\/\",\"name\":\"Les Ath\u00e9n\u00e9ennes 2022\",\"description\":\"\",\"potentialAction\":[{\"@type\":\"SearchAction\",\"target\":{\"@type\":\"EntryPoint\",\"urlTemplate\":\"https:\/\/www.lesatheneennes.ch\/archive\/2022\/?s={search_term_string}\"},\"query-input\":\"required name=search_term_string\"}],\"inLanguage\":\"fr-FR\"},{\"@type\":\"WebPage\",\"@id\":\"https:\/\/www.lesatheneennes.ch\/archive\/2022\/amis-des-atheneennes\/#webpage\",\"url\":\"https:\/\/www.lesatheneennes.ch\/archive\/2022\/amis-des-atheneennes\/\",\"name\":\"Amis des ath\u00e9n\u00e9ennes - Les Ath\u00e9n\u00e9ennes 2022\",\"isPartOf\":{\"@id\":\"https:\/\/www.lesatheneennes.ch\/archive\/2022\/#website\"},\"datePublished\":\"2018-05-23T07:37:21+00:00\",\"dateModified\":\"2022-05-10T15:26:26+00:00\",\"breadcrumb\":{\"@id\":\"https:\/\/www.lesatheneennes.ch\/archive\/2022\/amis-des-atheneennes\/#breadcrumb\"},\"inLanguage\":\"fr-FR\",\"potentialAction\":[{\"@type\":\"ReadAction\",\"target\":[\"https:\/\/www.lesatheneennes.ch\/archive\/2022\/amis-des-atheneennes\/\"]}]},{\"@type\":\"BreadcrumbList\",\"@id\":\"https:\/\/www.lesatheneennes.ch\/archive\/2022\/amis-des-atheneennes\/#breadcrumb\",\"itemListElement\":[{\"@type\":\"ListItem\",\"position\":1,\"name\":\"Amis des ath\u00e9n\u00e9ennes\"}]}]}<\/script>\n<!-- \/ Yoast SEO plugin. -->","yoast_head_json":{"title":"Amis des ath\u00e9n\u00e9ennes - Les Ath\u00e9n\u00e9ennes 2022","robots":{"index":"index","follow":"follow","max-snippet":"max-snippet:-1","max-image-preview":"max-image-preview:large","max-video-preview":"max-video-preview:-1"},"canonical":"https:\/\/www.lesatheneennes.ch\/archive\/2022\/amis-des-atheneennes\/","og_locale":"fr_FR","og_type":"article","og_title":"Amis des ath\u00e9n\u00e9ennes - Les Ath\u00e9n\u00e9ennes 2022","og_url":"https:\/\/www.lesatheneennes.ch\/archive\/2022\/amis-des-atheneennes\/","og_site_name":"Les Ath\u00e9n\u00e9ennes 2022","article_publisher":"https:\/\/www.facebook.com\/lesatheneennes\/","article_modified_time":"2022-05-10T15:26:26+00:00","twitter_card":"summary","schema":{"@context":"https:\/\/schema.org","@graph":[{"@type":"WebSite","@id":"https:\/\/www.lesatheneennes.ch\/archive\/2022\/#website","url":"https:\/\/www.lesatheneennes.ch\/archive\/2022\/","name":"Les Ath\u00e9n\u00e9ennes 2022","description":"","potentialAction":[{"@type":"SearchAction","target":{"@type":"EntryPoint","urlTemplate":"https:\/\/www.lesatheneennes.ch\/archive\/2022\/?s={search_term_string}"},"query-input":"required name=search_term_string"}],"inLanguage":"fr-FR"},{"@type":"WebPage","@id":"https:\/\/www.lesatheneennes.ch\/archive\/2022\/amis-des-atheneennes\/#webpage","url":"https:\/\/www.lesatheneennes.ch\/archive\/2022\/amis-des-atheneennes\/","name":"Amis des ath\u00e9n\u00e9ennes - Les Ath\u00e9n\u00e9ennes 2022","isPartOf":{"@id":"https:\/\/www.lesatheneennes.ch\/archive\/2022\/#website"},"datePublished":"2018-05-23T07:37:21+00:00","dateModified":"2022-05-10T15:26:26+00:00","breadcrumb":{"@id":"https:\/\/www.lesatheneennes.ch\/archive\/2022\/amis-des-atheneennes\/#breadcrumb"},"inLanguage":"fr-FR","potentialAction":[{"@type":"ReadAction","target":["https:\/\/www.lesatheneennes.ch\/archive\/2022\/amis-des-atheneennes\/"]}]},{"@type":"BreadcrumbList","@id":"https:\/\/www.lesatheneennes.ch\/archive\/2022\/amis-des-atheneennes\/#breadcrumb","itemListElement":[{"@type":"ListItem","position":1,"name":"Amis des ath\u00e9n\u00e9ennes"}]}]}},"_links":{"self":[{"href":"https:\/\/www.lesatheneennes.ch\/archive\/2022\/wp-json\/wp\/v2\/pages\/3754"}],"collection":[{"href":"https:\/\/www.lesatheneennes.ch\/archive\/2022\/wp-json\/wp\/v2\/pages"}],"about":[{"href":"https:\/\/www.lesatheneennes.ch\/archive\/2022\/wp-json\/wp\/v2\/types\/page"}],"author":[{"embeddable":true,"href":"https:\/\/www.lesatheneennes.ch\/archive\/2022\/wp-json\/wp\/v2\/users\/1"}],"replies":[{"embeddable":true,"href":"https:\/\/www.lesatheneennes.ch\/archive\/2022\/wp-json\/wp\/v2\/comments?post=3754"}],"version-history":[{"count":22,"href":"https:\/\/www.lesatheneennes.ch\/archive\/2022\/wp-json\/wp\/v2\/pages\/3754\/revisions"}],"predecessor-version":[{"id":19457,"href":"https:\/\/www.lesatheneennes.ch\/archive\/2022\/wp-json\/wp\/v2\/pages\/3754\/revisions\/19457"}],"wp:attachment":[{"href":"https:\/\/www.lesatheneennes.ch\/archive\/2022\/wp-json\/wp\/v2\/media?parent=3754"}],"curies":[{"name":"wp","href":"https:\/\/api.w.org\/{rel}","templated":true}]}}