{"id":4955,"date":"2019-04-01T15:27:36","date_gmt":"2019-04-01T13:27:36","guid":{"rendered":"https:\/\/www.lesatheneennes.ch\/archive\/2023\/?page_id=4955"},"modified":"2024-02-22T16:23:33","modified_gmt":"2024-02-22T15:23:33","slug":"accueil-2021","status":"publish","type":"page","link":"https:\/\/www.lesatheneennes.ch\/archive\/2023\/","title":{"rendered":"Accueil 2023"},"content":{"rendered":"","protected":false},"excerpt":{"rendered":"","protected":false},"author":1,"featured_media":0,"parent":0,"menu_order":0,"comment_status":"closed","ping_status":"closed","template":"accueil-2023.php","meta":{"_acf_changed":false,"footnotes":""},"acf":[],"yoast_head":"<!-- This site is optimized with the Yoast SEO plugin v22.3 - https:\/\/yoast.com\/wordpress\/plugins\/seo\/ -->\n<title>Les Ath\u00e9n\u00e9ennes 2023<\/title>\n<meta name=\"description\" content=\"Festival Les Ath\u00e9n\u00e9enne 2023 \u2013 du 1 au 10 juin \u2013 12e festival de musique classique, jazz et cr\u00e9ations\" \/>\n<meta name=\"robots\" content=\"index, follow, max-snippet:-1, max-image-preview:large, max-video-preview:-1\" \/>\n<link rel=\"canonical\" href=\"https:\/\/www.lesatheneennes.ch\/archive\/2023\/\" \/>\n<meta property=\"og:locale\" content=\"fr_FR\" \/>\n<meta property=\"og:type\" content=\"article\" \/>\n<meta property=\"og:title\" content=\"Les Ath\u00e9n\u00e9ennes 2023\" \/>\n<meta property=\"og:description\" content=\"Festival Les Ath\u00e9n\u00e9enne 2023 \u2013 du 1 au 10 juin \u2013 12e festival de musique classique, jazz et cr\u00e9ations\" \/>\n<meta property=\"og:url\" content=\"https:\/\/www.lesatheneennes.ch\/archive\/2023\/\" \/>\n<meta property=\"og:site_name\" content=\"Les Ath\u00e9n\u00e9ennes 2023\" \/>\n<meta property=\"article:publisher\" content=\"https:\/\/www.facebook.com\/lesatheneennes\/\" \/>\n<meta property=\"article:modified_time\" content=\"2024-02-22T15:23:33+00:00\" \/>\n<meta name=\"twitter:card\" content=\"summary_large_image\" \/>\n<script type=\"application\/ld+json\" class=\"yoast-schema-graph\">{\"@context\":\"https:\/\/schema.org\",\"@graph\":[{\"@type\":\"WebPage\",\"@id\":\"https:\/\/www.lesatheneennes.ch\/archive\/2023\/\",\"url\":\"https:\/\/www.lesatheneennes.ch\/archive\/2023\/\",\"name\":\"Les Ath\u00e9n\u00e9ennes 2023\",\"isPartOf\":{\"@id\":\"https:\/\/www.lesatheneennes.ch\/archive\/2023\/#website\"},\"datePublished\":\"2019-04-01T13:27:36+00:00\",\"dateModified\":\"2024-02-22T15:23:33+00:00\",\"description\":\"Festival Les Ath\u00e9n\u00e9enne 2023 \u2013 du 1 au 10 juin \u2013 12e festival de musique classique, jazz et cr\u00e9ations\",\"breadcrumb\":{\"@id\":\"https:\/\/www.lesatheneennes.ch\/archive\/2023\/#breadcrumb\"},\"inLanguage\":\"fr-FR\",\"potentialAction\":[{\"@type\":\"ReadAction\",\"target\":[\"https:\/\/www.lesatheneennes.ch\/archive\/2023\/\"]}]},{\"@type\":\"BreadcrumbList\",\"@id\":\"https:\/\/www.lesatheneennes.ch\/archive\/2023\/#breadcrumb\",\"itemListElement\":[{\"@type\":\"ListItem\",\"position\":1,\"name\":\"Accueil\",\"item\":\"https:\/\/www.lesatheneennes.ch\/archive\/2023\/\"},{\"@type\":\"ListItem\",\"position\":2,\"name\":\"Accueil 2023\"}]},{\"@type\":\"WebSite\",\"@id\":\"https:\/\/www.lesatheneennes.ch\/archive\/2023\/#website\",\"url\":\"https:\/\/www.lesatheneennes.ch\/archive\/2023\/\",\"name\":\"Les Ath\u00e9n\u00e9ennes 2023\",\"description\":\"Musique classique, jazz et cr\u00e9ations \u2013 12e \u00c9dition\",\"potentialAction\":[{\"@type\":\"SearchAction\",\"target\":{\"@type\":\"EntryPoint\",\"urlTemplate\":\"https:\/\/www.lesatheneennes.ch\/archive\/2023\/?s={search_term_string}\"},\"query-input\":\"required name=search_term_string\"}],\"inLanguage\":\"fr-FR\"}]}<\/script>\n<!-- \/ Yoast SEO plugin. -->","yoast_head_json":{"title":"Les Ath\u00e9n\u00e9ennes 2023","description":"Festival Les Ath\u00e9n\u00e9enne 2023 \u2013 du 1 au 10 juin \u2013 12e festival de musique classique, jazz et cr\u00e9ations","robots":{"index":"index","follow":"follow","max-snippet":"max-snippet:-1","max-image-preview":"max-image-preview:large","max-video-preview":"max-video-preview:-1"},"canonical":"https:\/\/www.lesatheneennes.ch\/archive\/2023\/","og_locale":"fr_FR","og_type":"article","og_title":"Les Ath\u00e9n\u00e9ennes 2023","og_description":"Festival Les Ath\u00e9n\u00e9enne 2023 \u2013 du 1 au 10 juin \u2013 12e festival de musique classique, jazz et cr\u00e9ations","og_url":"https:\/\/www.lesatheneennes.ch\/archive\/2023\/","og_site_name":"Les Ath\u00e9n\u00e9ennes 2023","article_publisher":"https:\/\/www.facebook.com\/lesatheneennes\/","article_modified_time":"2024-02-22T15:23:33+00:00","twitter_card":"summary_large_image","schema":{"@context":"https:\/\/schema.org","@graph":[{"@type":"WebPage","@id":"https:\/\/www.lesatheneennes.ch\/archive\/2023\/","url":"https:\/\/www.lesatheneennes.ch\/archive\/2023\/","name":"Les Ath\u00e9n\u00e9ennes 2023","isPartOf":{"@id":"https:\/\/www.lesatheneennes.ch\/archive\/2023\/#website"},"datePublished":"2019-04-01T13:27:36+00:00","dateModified":"2024-02-22T15:23:33+00:00","description":"Festival Les Ath\u00e9n\u00e9enne 2023 \u2013 du 1 au 10 juin \u2013 12e festival de musique classique, jazz et cr\u00e9ations","breadcrumb":{"@id":"https:\/\/www.lesatheneennes.ch\/archive\/2023\/#breadcrumb"},"inLanguage":"fr-FR","potentialAction":[{"@type":"ReadAction","target":["https:\/\/www.lesatheneennes.ch\/archive\/2023\/"]}]},{"@type":"BreadcrumbList","@id":"https:\/\/www.lesatheneennes.ch\/archive\/2023\/#breadcrumb","itemListElement":[{"@type":"ListItem","position":1,"name":"Accueil","item":"https:\/\/www.lesatheneennes.ch\/archive\/2023\/"},{"@type":"ListItem","position":2,"name":"Accueil 2023"}]},{"@type":"WebSite","@id":"https:\/\/www.lesatheneennes.ch\/archive\/2023\/#website","url":"https:\/\/www.lesatheneennes.ch\/archive\/2023\/","name":"Les Ath\u00e9n\u00e9ennes 2023","description":"Musique classique, jazz et cr\u00e9ations \u2013 12e \u00c9dition","potentialAction":[{"@type":"SearchAction","target":{"@type":"EntryPoint","urlTemplate":"https:\/\/www.lesatheneennes.ch\/archive\/2023\/?s={search_term_string}"},"query-input":"required name=search_term_string"}],"inLanguage":"fr-FR"}]}},"_links":{"self":[{"href":"https:\/\/www.lesatheneennes.ch\/archive\/2023\/wp-json\/wp\/v2\/pages\/4955"}],"collection":[{"href":"https:\/\/www.lesatheneennes.ch\/archive\/2023\/wp-json\/wp\/v2\/pages"}],"about":[{"href":"https:\/\/www.lesatheneennes.ch\/archive\/2023\/wp-json\/wp\/v2\/types\/page"}],"author":[{"embeddable":true,"href":"https:\/\/www.lesatheneennes.ch\/archive\/2023\/wp-json\/wp\/v2\/users\/1"}],"replies":[{"embeddable":true,"href":"https:\/\/www.lesatheneennes.ch\/archive\/2023\/wp-json\/wp\/v2\/comments?post=4955"}],"version-history":[{"count":116,"href":"https:\/\/www.lesatheneennes.ch\/archive\/2023\/wp-json\/wp\/v2\/pages\/4955\/revisions"}],"predecessor-version":[{"id":20964,"href":"https:\/\/www.lesatheneennes.ch\/archive\/2023\/wp-json\/wp\/v2\/pages\/4955\/revisions\/20964"}],"wp:attachment":[{"href":"https:\/\/www.lesatheneennes.ch\/archive\/2023\/wp-json\/wp\/v2\/media?parent=4955"}],"curies":[{"name":"wp","href":"https:\/\/api.w.org\/{rel}","templated":true}]}}