{"id":21503,"date":"2025-04-01T10:32:26","date_gmt":"2025-04-01T08:32:26","guid":{"rendered":"https:\/\/www.lesatheneennes.ch\/archive\/2025\/?page_id=21503"},"modified":"2025-06-05T15:34:29","modified_gmt":"2025-06-05T13:34:29","slug":"contact","status":"publish","type":"page","link":"https:\/\/www.lesatheneennes.ch\/archive\/2025\/contact\/","title":{"rendered":"Contact"},"content":{"rendered":"<p>Les Ath\u00e9n\u00e9ennes<br \/>\n<span style=\"font-weight: 200;\">6, RUE DU PETIT-SAL\u00c8VE<br \/>\n1205 GEN\u00c8VE<\/span><\/p>\n<p><strong><a class=\"yo\" href=\"mailto:info@lesatheneennes.ch\">info [a] lesatheneennes.ch<\/a><\/strong><\/p>\n<p><span style=\"color: #800000;\">\u2013 Si votre demande concerne l&rsquo;achat de billets, veuillez \u00e9crire \u00e0 l&rsquo;adresse<\/span><\/p>\n<p><span style=\"color: #800000;\"><a class=\"yo\" href=\"mailto:billetterie@lesatheneennes.ch\">billetterie [a] lesatheneennes.ch<\/a><\/span><\/p>\n<h1>Formulaire de contact<\/h1>\n\n<div class=\"wpcf7 no-js\" id=\"wpcf7-f2605-o1\" lang=\"fr-FR\" dir=\"ltr\" data-wpcf7-id=\"2605\">\n<div class=\"screen-reader-response\"><p role=\"status\" aria-live=\"polite\" aria-atomic=\"true\"><\/p> <ul><\/ul><\/div>\n<form action=\"\/archive\/2025\/wp-json\/wp\/v2\/pages\/21503#wpcf7-f2605-o1\" method=\"post\" class=\"wpcf7-form init\" aria-label=\"Formulaire de contact\" novalidate=\"novalidate\" data-status=\"init\">\n<fieldset class=\"hidden-fields-container\"><input type=\"hidden\" name=\"_wpcf7\" value=\"2605\" \/><input type=\"hidden\" name=\"_wpcf7_version\" value=\"6.1.5\" \/><input type=\"hidden\" name=\"_wpcf7_locale\" value=\"fr_FR\" \/><input type=\"hidden\" name=\"_wpcf7_unit_tag\" value=\"wpcf7-f2605-o1\" \/><input type=\"hidden\" name=\"_wpcf7_container_post\" value=\"0\" \/><input type=\"hidden\" name=\"_wpcf7_posted_data_hash\" value=\"\" \/><input type=\"hidden\" name=\"_wpcf7_recaptcha_response\" value=\"\" \/>\n<\/fieldset>\n<p>Nom \/ pr\u00e9nom *\n<\/p>\n<p><span class=\"wpcf7-form-control-wrap\" data-name=\"your-name\"><input size=\"40\" maxlength=\"400\" class=\"wpcf7-form-control wpcf7-text wpcf7-validates-as-required\" aria-required=\"true\" aria-invalid=\"false\" value=\"\" type=\"text\" name=\"your-name\" \/><\/span>\n<\/p>\n<p>Votre email *\n<\/p>\n<p><span class=\"wpcf7-form-control-wrap\" data-name=\"your-email\"><input size=\"40\" maxlength=\"400\" class=\"wpcf7-form-control wpcf7-email wpcf7-validates-as-required wpcf7-text wpcf7-validates-as-email\" aria-required=\"true\" aria-invalid=\"false\" value=\"\" type=\"email\" name=\"your-email\" \/><\/span>\n<\/p>\n<p>Votre message\n<\/p>\n<p><span class=\"wpcf7-form-control-wrap\" data-name=\"your-message\"><textarea cols=\"40\" rows=\"10\" maxlength=\"2000\" class=\"wpcf7-form-control wpcf7-textarea\" aria-invalid=\"false\" name=\"your-message\"><\/textarea><\/span>\n<\/p>\n<p><input class=\"wpcf7-form-control wpcf7-submit has-spinner\" type=\"submit\" value=\"Envoyer\" \/>\n<\/p><div class=\"wpcf7-response-output\" aria-hidden=\"true\"><\/div>\n<\/form>\n<\/div>\n\n","protected":false},"excerpt":{"rendered":"<p>Les Ath\u00e9n\u00e9ennes 6, RUE DU PETIT-SAL\u00c8VE 1205 GEN\u00c8VE info [a] lesatheneennes.ch \u2013 Si votre demande concerne l&rsquo;achat de billets, veuillez \u00e9crire \u00e0 l&rsquo;adresse billetterie [a] lesatheneennes.ch Formulaire de contact<\/p>\n","protected":false},"author":1,"featured_media":21878,"parent":0,"menu_order":0,"comment_status":"closed","ping_status":"closed","template":"","meta":{"_acf_changed":false,"footnotes":""},"class_list":["post-21503","page","type-page","status-publish","has-post-thumbnail","hentry"],"acf":[],"yoast_head":"<!-- This site is optimized with the Yoast SEO plugin v27.0 - https:\/\/yoast.com\/product\/yoast-seo-wordpress\/ -->\n<title>Contact - Les Ath\u00e9n\u00e9ennes 2025<\/title>\n<meta name=\"robots\" content=\"index, follow, max-snippet:-1, max-image-preview:large, max-video-preview:-1\" \/>\n<link rel=\"canonical\" href=\"https:\/\/www.lesatheneennes.ch\/archive\/2025\/contact\/\" \/>\n<meta property=\"og:locale\" content=\"fr_FR\" \/>\n<meta property=\"og:type\" content=\"article\" \/>\n<meta property=\"og:title\" content=\"Contact - Les Ath\u00e9n\u00e9ennes 2025\" \/>\n<meta property=\"og:description\" content=\"Les Ath\u00e9n\u00e9ennes 6, RUE DU PETIT-SAL\u00c8VE 1205 GEN\u00c8VE info [a] lesatheneennes.ch \u2013 Si votre demande concerne l&rsquo;achat de billets, veuillez \u00e9crire \u00e0 l&rsquo;adresse billetterie [a] lesatheneennes.ch Formulaire de contact\" \/>\n<meta property=\"og:url\" content=\"https:\/\/www.lesatheneennes.ch\/archive\/2025\/contact\/\" \/>\n<meta property=\"og:site_name\" content=\"Les Ath\u00e9n\u00e9ennes 2025\" \/>\n<meta property=\"article:publisher\" content=\"https:\/\/www.facebook.com\/lesatheneennes\/\" \/>\n<meta property=\"article:modified_time\" content=\"2025-06-05T13:34:29+00:00\" \/>\n<meta property=\"og:image\" content=\"https:\/\/www.lesatheneennes.ch\/archive\/2025\/wp-content\/uploads\/2018\/04\/ma-10-juin.jpg\" \/>\n\t<meta property=\"og:image:width\" content=\"1418\" \/>\n\t<meta property=\"og:image:height\" content=\"2000\" \/>\n\t<meta property=\"og:image:type\" content=\"image\/jpeg\" \/>\n<meta name=\"twitter:card\" content=\"summary_large_image\" \/>\n<meta name=\"twitter:label1\" content=\"Dur\u00e9e de lecture estim\u00e9e\" \/>\n\t<meta name=\"twitter:data1\" content=\"1 minute\" \/>\n<script type=\"application\/ld+json\" class=\"yoast-schema-graph\">{\"@context\":\"https:\/\/schema.org\",\"@graph\":[{\"@type\":\"WebPage\",\"@id\":\"https:\/\/www.lesatheneennes.ch\/archive\/2025\/contact\/\",\"url\":\"https:\/\/www.lesatheneennes.ch\/archive\/2025\/contact\/\",\"name\":\"Contact - Les Ath\u00e9n\u00e9ennes 2025\",\"isPartOf\":{\"@id\":\"https:\/\/www.lesatheneennes.ch\/archive\/2025\/#website\"},\"primaryImageOfPage\":{\"@id\":\"https:\/\/www.lesatheneennes.ch\/archive\/2025\/contact\/#primaryimage\"},\"image\":{\"@id\":\"https:\/\/www.lesatheneennes.ch\/archive\/2025\/contact\/#primaryimage\"},\"thumbnailUrl\":\"https:\/\/www.lesatheneennes.ch\/archive\/2025\/wp-content\/uploads\/2018\/04\/ma-10-juin.jpg\",\"datePublished\":\"2025-04-01T08:32:26+00:00\",\"dateModified\":\"2025-06-05T13:34:29+00:00\",\"inLanguage\":\"fr-FR\",\"potentialAction\":[{\"@type\":\"ReadAction\",\"target\":[\"https:\/\/www.lesatheneennes.ch\/archive\/2025\/contact\/\"]}]},{\"@type\":\"ImageObject\",\"inLanguage\":\"fr-FR\",\"@id\":\"https:\/\/www.lesatheneennes.ch\/archive\/2025\/contact\/#primaryimage\",\"url\":\"https:\/\/www.lesatheneennes.ch\/archive\/2025\/wp-content\/uploads\/2018\/04\/ma-10-juin.jpg\",\"contentUrl\":\"https:\/\/www.lesatheneennes.ch\/archive\/2025\/wp-content\/uploads\/2018\/04\/ma-10-juin.jpg\",\"width\":1418,\"height\":2000},{\"@type\":\"WebSite\",\"@id\":\"https:\/\/www.lesatheneennes.ch\/archive\/2025\/#website\",\"url\":\"https:\/\/www.lesatheneennes.ch\/archive\/2025\/\",\"name\":\"Les Ath\u00e9n\u00e9ennes 2025\",\"description\":\"Festival de musiques Gen\u00e8ve \u2013 14e \u00c9dition\",\"potentialAction\":[{\"@type\":\"SearchAction\",\"target\":{\"@type\":\"EntryPoint\",\"urlTemplate\":\"https:\/\/www.lesatheneennes.ch\/archive\/2025\/?s={search_term_string}\"},\"query-input\":{\"@type\":\"PropertyValueSpecification\",\"valueRequired\":true,\"valueName\":\"search_term_string\"}}],\"inLanguage\":\"fr-FR\"}]}<\/script>\n<!-- \/ Yoast SEO plugin. -->","yoast_head_json":{"title":"Contact - Les Ath\u00e9n\u00e9ennes 2025","robots":{"index":"index","follow":"follow","max-snippet":"max-snippet:-1","max-image-preview":"max-image-preview:large","max-video-preview":"max-video-preview:-1"},"canonical":"https:\/\/www.lesatheneennes.ch\/archive\/2025\/contact\/","og_locale":"fr_FR","og_type":"article","og_title":"Contact - Les Ath\u00e9n\u00e9ennes 2025","og_description":"Les Ath\u00e9n\u00e9ennes 6, RUE DU PETIT-SAL\u00c8VE 1205 GEN\u00c8VE info [a] lesatheneennes.ch \u2013 Si votre demande concerne l&rsquo;achat de billets, veuillez \u00e9crire \u00e0 l&rsquo;adresse billetterie [a] lesatheneennes.ch Formulaire de contact","og_url":"https:\/\/www.lesatheneennes.ch\/archive\/2025\/contact\/","og_site_name":"Les Ath\u00e9n\u00e9ennes 2025","article_publisher":"https:\/\/www.facebook.com\/lesatheneennes\/","article_modified_time":"2025-06-05T13:34:29+00:00","og_image":[{"width":1418,"height":2000,"url":"https:\/\/www.lesatheneennes.ch\/archive\/2025\/wp-content\/uploads\/2018\/04\/ma-10-juin.jpg","type":"image\/jpeg"}],"twitter_card":"summary_large_image","twitter_misc":{"Dur\u00e9e de lecture estim\u00e9e":"1 minute"},"schema":{"@context":"https:\/\/schema.org","@graph":[{"@type":"WebPage","@id":"https:\/\/www.lesatheneennes.ch\/archive\/2025\/contact\/","url":"https:\/\/www.lesatheneennes.ch\/archive\/2025\/contact\/","name":"Contact - Les Ath\u00e9n\u00e9ennes 2025","isPartOf":{"@id":"https:\/\/www.lesatheneennes.ch\/archive\/2025\/#website"},"primaryImageOfPage":{"@id":"https:\/\/www.lesatheneennes.ch\/archive\/2025\/contact\/#primaryimage"},"image":{"@id":"https:\/\/www.lesatheneennes.ch\/archive\/2025\/contact\/#primaryimage"},"thumbnailUrl":"https:\/\/www.lesatheneennes.ch\/archive\/2025\/wp-content\/uploads\/2018\/04\/ma-10-juin.jpg","datePublished":"2025-04-01T08:32:26+00:00","dateModified":"2025-06-05T13:34:29+00:00","inLanguage":"fr-FR","potentialAction":[{"@type":"ReadAction","target":["https:\/\/www.lesatheneennes.ch\/archive\/2025\/contact\/"]}]},{"@type":"ImageObject","inLanguage":"fr-FR","@id":"https:\/\/www.lesatheneennes.ch\/archive\/2025\/contact\/#primaryimage","url":"https:\/\/www.lesatheneennes.ch\/archive\/2025\/wp-content\/uploads\/2018\/04\/ma-10-juin.jpg","contentUrl":"https:\/\/www.lesatheneennes.ch\/archive\/2025\/wp-content\/uploads\/2018\/04\/ma-10-juin.jpg","width":1418,"height":2000},{"@type":"WebSite","@id":"https:\/\/www.lesatheneennes.ch\/archive\/2025\/#website","url":"https:\/\/www.lesatheneennes.ch\/archive\/2025\/","name":"Les Ath\u00e9n\u00e9ennes 2025","description":"Festival de musiques Gen\u00e8ve \u2013 14e \u00c9dition","potentialAction":[{"@type":"SearchAction","target":{"@type":"EntryPoint","urlTemplate":"https:\/\/www.lesatheneennes.ch\/archive\/2025\/?s={search_term_string}"},"query-input":{"@type":"PropertyValueSpecification","valueRequired":true,"valueName":"search_term_string"}}],"inLanguage":"fr-FR"}]}},"_links":{"self":[{"href":"https:\/\/www.lesatheneennes.ch\/archive\/2025\/wp-json\/wp\/v2\/pages\/21503","targetHints":{"allow":["GET"]}}],"collection":[{"href":"https:\/\/www.lesatheneennes.ch\/archive\/2025\/wp-json\/wp\/v2\/pages"}],"about":[{"href":"https:\/\/www.lesatheneennes.ch\/archive\/2025\/wp-json\/wp\/v2\/types\/page"}],"author":[{"embeddable":true,"href":"https:\/\/www.lesatheneennes.ch\/archive\/2025\/wp-json\/wp\/v2\/users\/1"}],"replies":[{"embeddable":true,"href":"https:\/\/www.lesatheneennes.ch\/archive\/2025\/wp-json\/wp\/v2\/comments?post=21503"}],"version-history":[{"count":9,"href":"https:\/\/www.lesatheneennes.ch\/archive\/2025\/wp-json\/wp\/v2\/pages\/21503\/revisions"}],"predecessor-version":[{"id":22061,"href":"https:\/\/www.lesatheneennes.ch\/archive\/2025\/wp-json\/wp\/v2\/pages\/21503\/revisions\/22061"}],"wp:featuredmedia":[{"embeddable":true,"href":"https:\/\/www.lesatheneennes.ch\/archive\/2025\/wp-json\/wp\/v2\/media\/21878"}],"wp:attachment":[{"href":"https:\/\/www.lesatheneennes.ch\/archive\/2025\/wp-json\/wp\/v2\/media?parent=21503"}],"curies":[{"name":"wp","href":"https:\/\/api.w.org\/{rel}","templated":true}]}}