{"id":21505,"date":"2025-04-01T10:32:40","date_gmt":"2025-04-01T08:32:40","guid":{"rendered":"https:\/\/www.lesatheneennes.ch\/archive\/2025\/?page_id=21505"},"modified":"2025-04-13T15:53:41","modified_gmt":"2025-04-13T13:53:41","slug":"chez-jean-luc","status":"publish","type":"page","link":"https:\/\/www.lesatheneennes.ch\/archive\/2025\/chez-jean-luc\/","title":{"rendered":"Chez Jean-Luc"},"content":{"rendered":"<h1>Chez Jean-Luc, une ic\u00f4ne genevoise nich\u00e9e entre Bel-Air et la vieille ville<\/h1>\n<p>\u00c0 deux pas des rues basses, dissimul\u00e9 sous le 9 rue de la Cit\u00e9, Chez Jean-Luc est un bar\/club mythique de Gen\u00e8ve, enracin\u00e9 dans le paysage nocturne depuis des g\u00e9n\u00e9rations. Install\u00e9 dans une cave vo\u00fbt\u00e9e au charme brut, le lieu cultive une atmosph\u00e8re hors du temps : tapisseries originales, meubles chin\u00e9s de toutes les \u00e9poques, objets insolites et lumi\u00e8re rouge tamis\u00e9e composent un d\u00e9cor unique, volontairement rest\u00e9 \u00ab\u00a0dans son jus\u00a0\u00bb. V\u00e9ritable repaire pour les amateurs de nuits singuli\u00e8res, il accueille une programmation musicale r\u00e9solument \u00e9clectique, avec une forte empreinte \u00e9lectro et DJ sets pointus. Un lieu vivant, ancr\u00e9 dans la m\u00e9moire collective genevoise, o\u00f9 le pass\u00e9 et le pr\u00e9sent s\u2019entrechoquent jusqu\u2019au petit matin.<\/p>\n","protected":false},"excerpt":{"rendered":"<p>Chez Jean-Luc, une ic\u00f4ne genevoise nich\u00e9e entre Bel-Air et la vieille ville \u00c0 deux pas des rues basses, dissimul\u00e9 sous le 9 rue de la Cit\u00e9, Chez Jean-Luc est un bar\/club mythique de Gen\u00e8ve, enracin\u00e9 dans le paysage nocturne depuis des g\u00e9n\u00e9rations. Install\u00e9 dans une cave vo\u00fbt\u00e9e au charme brut, le lieu cultive une atmosph\u00e8re &hellip; <a href=\"https:\/\/www.lesatheneennes.ch\/archive\/2025\/chez-jean-luc\/\" class=\"more-link\">Continuer la lecture<span class=\"screen-reader-text\"> de &laquo;&nbsp;Chez Jean-Luc&nbsp;&raquo;<\/span><\/a><\/p>\n","protected":false},"author":1,"featured_media":21905,"parent":0,"menu_order":0,"comment_status":"closed","ping_status":"closed","template":"","meta":{"_acf_changed":false,"footnotes":""},"class_list":["post-21505","page","type-page","status-publish","has-post-thumbnail","hentry"],"acf":[],"yoast_head":"<!-- This site is optimized with the Yoast SEO plugin v27.0 - https:\/\/yoast.com\/product\/yoast-seo-wordpress\/ -->\n<title>Chez Jean-Luc - Les Ath\u00e9n\u00e9ennes 2025<\/title>\n<meta name=\"robots\" content=\"index, follow, max-snippet:-1, max-image-preview:large, max-video-preview:-1\" \/>\n<link rel=\"canonical\" href=\"https:\/\/www.lesatheneennes.ch\/archive\/2025\/chez-jean-luc\/\" \/>\n<meta property=\"og:locale\" content=\"fr_FR\" \/>\n<meta property=\"og:type\" content=\"article\" \/>\n<meta property=\"og:title\" content=\"Chez Jean-Luc - Les Ath\u00e9n\u00e9ennes 2025\" \/>\n<meta property=\"og:description\" content=\"Chez Jean-Luc, une ic\u00f4ne genevoise nich\u00e9e entre Bel-Air et la vieille ville \u00c0 deux pas des rues basses, dissimul\u00e9 sous le 9 rue de la Cit\u00e9, Chez Jean-Luc est un bar\/club mythique de Gen\u00e8ve, enracin\u00e9 dans le paysage nocturne depuis des g\u00e9n\u00e9rations. Install\u00e9 dans une cave vo\u00fbt\u00e9e au charme brut, le lieu cultive une atmosph\u00e8re &hellip; Continuer la lecture de &laquo;&nbsp;Chez Jean-Luc&nbsp;&raquo;\" \/>\n<meta property=\"og:url\" content=\"https:\/\/www.lesatheneennes.ch\/archive\/2025\/chez-jean-luc\/\" \/>\n<meta property=\"og:site_name\" content=\"Les Ath\u00e9n\u00e9ennes 2025\" \/>\n<meta property=\"article:publisher\" content=\"https:\/\/www.facebook.com\/lesatheneennes\/\" \/>\n<meta property=\"article:modified_time\" content=\"2025-04-13T13:53:41+00:00\" \/>\n<meta property=\"og:image\" content=\"https:\/\/www.lesatheneennes.ch\/archive\/2025\/wp-content\/uploads\/2025\/04\/chez-jean-luc.jpg\" \/>\n\t<meta property=\"og:image:width\" content=\"2000\" \/>\n\t<meta property=\"og:image:height\" content=\"1500\" \/>\n\t<meta property=\"og:image:type\" content=\"image\/jpeg\" \/>\n<meta name=\"twitter:card\" content=\"summary_large_image\" \/>\n<meta name=\"twitter:label1\" content=\"Dur\u00e9e de lecture estim\u00e9e\" \/>\n\t<meta name=\"twitter:data1\" content=\"1 minute\" \/>\n<script type=\"application\/ld+json\" class=\"yoast-schema-graph\">{\"@context\":\"https:\/\/schema.org\",\"@graph\":[{\"@type\":\"WebPage\",\"@id\":\"https:\/\/www.lesatheneennes.ch\/archive\/2025\/chez-jean-luc\/\",\"url\":\"https:\/\/www.lesatheneennes.ch\/archive\/2025\/chez-jean-luc\/\",\"name\":\"Chez Jean-Luc - Les Ath\u00e9n\u00e9ennes 2025\",\"isPartOf\":{\"@id\":\"https:\/\/www.lesatheneennes.ch\/archive\/2025\/#website\"},\"primaryImageOfPage\":{\"@id\":\"https:\/\/www.lesatheneennes.ch\/archive\/2025\/chez-jean-luc\/#primaryimage\"},\"image\":{\"@id\":\"https:\/\/www.lesatheneennes.ch\/archive\/2025\/chez-jean-luc\/#primaryimage\"},\"thumbnailUrl\":\"https:\/\/www.lesatheneennes.ch\/archive\/2025\/wp-content\/uploads\/2025\/04\/chez-jean-luc.jpg\",\"datePublished\":\"2025-04-01T08:32:40+00:00\",\"dateModified\":\"2025-04-13T13:53:41+00:00\",\"inLanguage\":\"fr-FR\",\"potentialAction\":[{\"@type\":\"ReadAction\",\"target\":[\"https:\/\/www.lesatheneennes.ch\/archive\/2025\/chez-jean-luc\/\"]}]},{\"@type\":\"ImageObject\",\"inLanguage\":\"fr-FR\",\"@id\":\"https:\/\/www.lesatheneennes.ch\/archive\/2025\/chez-jean-luc\/#primaryimage\",\"url\":\"https:\/\/www.lesatheneennes.ch\/archive\/2025\/wp-content\/uploads\/2025\/04\/chez-jean-luc.jpg\",\"contentUrl\":\"https:\/\/www.lesatheneennes.ch\/archive\/2025\/wp-content\/uploads\/2025\/04\/chez-jean-luc.jpg\",\"width\":2000,\"height\":1500},{\"@type\":\"WebSite\",\"@id\":\"https:\/\/www.lesatheneennes.ch\/archive\/2025\/#website\",\"url\":\"https:\/\/www.lesatheneennes.ch\/archive\/2025\/\",\"name\":\"Les Ath\u00e9n\u00e9ennes 2025\",\"description\":\"Festival de musiques Gen\u00e8ve \u2013 14e \u00c9dition\",\"potentialAction\":[{\"@type\":\"SearchAction\",\"target\":{\"@type\":\"EntryPoint\",\"urlTemplate\":\"https:\/\/www.lesatheneennes.ch\/archive\/2025\/?s={search_term_string}\"},\"query-input\":{\"@type\":\"PropertyValueSpecification\",\"valueRequired\":true,\"valueName\":\"search_term_string\"}}],\"inLanguage\":\"fr-FR\"}]}<\/script>\n<!-- \/ Yoast SEO plugin. -->","yoast_head_json":{"title":"Chez Jean-Luc - Les Ath\u00e9n\u00e9ennes 2025","robots":{"index":"index","follow":"follow","max-snippet":"max-snippet:-1","max-image-preview":"max-image-preview:large","max-video-preview":"max-video-preview:-1"},"canonical":"https:\/\/www.lesatheneennes.ch\/archive\/2025\/chez-jean-luc\/","og_locale":"fr_FR","og_type":"article","og_title":"Chez Jean-Luc - Les Ath\u00e9n\u00e9ennes 2025","og_description":"Chez Jean-Luc, une ic\u00f4ne genevoise nich\u00e9e entre Bel-Air et la vieille ville \u00c0 deux pas des rues basses, dissimul\u00e9 sous le 9 rue de la Cit\u00e9, Chez Jean-Luc est un bar\/club mythique de Gen\u00e8ve, enracin\u00e9 dans le paysage nocturne depuis des g\u00e9n\u00e9rations. Install\u00e9 dans une cave vo\u00fbt\u00e9e au charme brut, le lieu cultive une atmosph\u00e8re &hellip; Continuer la lecture de &laquo;&nbsp;Chez Jean-Luc&nbsp;&raquo;","og_url":"https:\/\/www.lesatheneennes.ch\/archive\/2025\/chez-jean-luc\/","og_site_name":"Les Ath\u00e9n\u00e9ennes 2025","article_publisher":"https:\/\/www.facebook.com\/lesatheneennes\/","article_modified_time":"2025-04-13T13:53:41+00:00","og_image":[{"width":2000,"height":1500,"url":"https:\/\/www.lesatheneennes.ch\/archive\/2025\/wp-content\/uploads\/2025\/04\/chez-jean-luc.jpg","type":"image\/jpeg"}],"twitter_card":"summary_large_image","twitter_misc":{"Dur\u00e9e de lecture estim\u00e9e":"1 minute"},"schema":{"@context":"https:\/\/schema.org","@graph":[{"@type":"WebPage","@id":"https:\/\/www.lesatheneennes.ch\/archive\/2025\/chez-jean-luc\/","url":"https:\/\/www.lesatheneennes.ch\/archive\/2025\/chez-jean-luc\/","name":"Chez Jean-Luc - Les Ath\u00e9n\u00e9ennes 2025","isPartOf":{"@id":"https:\/\/www.lesatheneennes.ch\/archive\/2025\/#website"},"primaryImageOfPage":{"@id":"https:\/\/www.lesatheneennes.ch\/archive\/2025\/chez-jean-luc\/#primaryimage"},"image":{"@id":"https:\/\/www.lesatheneennes.ch\/archive\/2025\/chez-jean-luc\/#primaryimage"},"thumbnailUrl":"https:\/\/www.lesatheneennes.ch\/archive\/2025\/wp-content\/uploads\/2025\/04\/chez-jean-luc.jpg","datePublished":"2025-04-01T08:32:40+00:00","dateModified":"2025-04-13T13:53:41+00:00","inLanguage":"fr-FR","potentialAction":[{"@type":"ReadAction","target":["https:\/\/www.lesatheneennes.ch\/archive\/2025\/chez-jean-luc\/"]}]},{"@type":"ImageObject","inLanguage":"fr-FR","@id":"https:\/\/www.lesatheneennes.ch\/archive\/2025\/chez-jean-luc\/#primaryimage","url":"https:\/\/www.lesatheneennes.ch\/archive\/2025\/wp-content\/uploads\/2025\/04\/chez-jean-luc.jpg","contentUrl":"https:\/\/www.lesatheneennes.ch\/archive\/2025\/wp-content\/uploads\/2025\/04\/chez-jean-luc.jpg","width":2000,"height":1500},{"@type":"WebSite","@id":"https:\/\/www.lesatheneennes.ch\/archive\/2025\/#website","url":"https:\/\/www.lesatheneennes.ch\/archive\/2025\/","name":"Les Ath\u00e9n\u00e9ennes 2025","description":"Festival de musiques Gen\u00e8ve \u2013 14e \u00c9dition","potentialAction":[{"@type":"SearchAction","target":{"@type":"EntryPoint","urlTemplate":"https:\/\/www.lesatheneennes.ch\/archive\/2025\/?s={search_term_string}"},"query-input":{"@type":"PropertyValueSpecification","valueRequired":true,"valueName":"search_term_string"}}],"inLanguage":"fr-FR"}]}},"_links":{"self":[{"href":"https:\/\/www.lesatheneennes.ch\/archive\/2025\/wp-json\/wp\/v2\/pages\/21505","targetHints":{"allow":["GET"]}}],"collection":[{"href":"https:\/\/www.lesatheneennes.ch\/archive\/2025\/wp-json\/wp\/v2\/pages"}],"about":[{"href":"https:\/\/www.lesatheneennes.ch\/archive\/2025\/wp-json\/wp\/v2\/types\/page"}],"author":[{"embeddable":true,"href":"https:\/\/www.lesatheneennes.ch\/archive\/2025\/wp-json\/wp\/v2\/users\/1"}],"replies":[{"embeddable":true,"href":"https:\/\/www.lesatheneennes.ch\/archive\/2025\/wp-json\/wp\/v2\/comments?post=21505"}],"version-history":[{"count":6,"href":"https:\/\/www.lesatheneennes.ch\/archive\/2025\/wp-json\/wp\/v2\/pages\/21505\/revisions"}],"predecessor-version":[{"id":21904,"href":"https:\/\/www.lesatheneennes.ch\/archive\/2025\/wp-json\/wp\/v2\/pages\/21505\/revisions\/21904"}],"wp:featuredmedia":[{"embeddable":true,"href":"https:\/\/www.lesatheneennes.ch\/archive\/2025\/wp-json\/wp\/v2\/media\/21905"}],"wp:attachment":[{"href":"https:\/\/www.lesatheneennes.ch\/archive\/2025\/wp-json\/wp\/v2\/media?parent=21505"}],"curies":[{"name":"wp","href":"https:\/\/api.w.org\/{rel}","templated":true}]}}