{"id":22059,"date":"2025-06-05T15:34:05","date_gmt":"2025-06-05T13:34:05","guid":{"rendered":"https:\/\/www.lesatheneennes.ch\/archive\/2025\/?page_id=22059"},"modified":"2025-06-05T15:35:06","modified_gmt":"2025-06-05T13:35:06","slug":"newsletter","status":"publish","type":"page","link":"https:\/\/www.lesatheneennes.ch\/archive\/2025\/newsletter\/","title":{"rendered":"Newsletter"},"content":{"rendered":"<script>(function() {\n\twindow.mc4wp = window.mc4wp || {\n\t\tlisteners: [],\n\t\tforms: {\n\t\t\ton: function(evt, cb) {\n\t\t\t\twindow.mc4wp.listeners.push(\n\t\t\t\t\t{\n\t\t\t\t\t\tevent   : evt,\n\t\t\t\t\t\tcallback: cb\n\t\t\t\t\t}\n\t\t\t\t);\n\t\t\t}\n\t\t}\n\t}\n})();\n<\/script><!-- Mailchimp for WordPress v4.11.1 - https:\/\/wordpress.org\/plugins\/mailchimp-for-wp\/ --><form id=\"mc4wp-form-1\" class=\"mc4wp-form mc4wp-form-4874\" method=\"post\" data-id=\"4874\" data-name=\"Newsletter Ath\u00e9n\u00e9ennes\" ><div class=\"mc4wp-form-fields\">\r\n<label class=\"inscription\"><h1>Inscription \u00e0 la newsletter des Ath\u00e9n\u00e9ennes<\/h1><\/label>\r\n<p>\t<input type=\"email\" name=\"EMAIL\" placeholder=\"Votre adresse e-mail\" required \/><p>\r\n<p>\r\n<input type=\"submit\" class=\"yo\" value=\"Envoyer\" \/>\r\n<\/p><\/div><label style=\"display: none !important;\">Laissez ce champ vide si vous \u00eates humain\u00a0: <input type=\"text\" name=\"_mc4wp_honeypot\" value=\"\" tabindex=\"-1\" autocomplete=\"off\" \/><\/label><input type=\"hidden\" name=\"_mc4wp_timestamp\" value=\"1775773630\" \/><input type=\"hidden\" name=\"_mc4wp_form_id\" value=\"4874\" \/><input type=\"hidden\" name=\"_mc4wp_form_element_id\" value=\"mc4wp-form-1\" \/><div class=\"mc4wp-response\"><\/div><\/form><!-- \/ Mailchimp for WordPress Plugin -->\n","protected":false},"excerpt":{"rendered":"","protected":false},"author":1,"featured_media":21753,"parent":0,"menu_order":0,"comment_status":"closed","ping_status":"closed","template":"","meta":{"_acf_changed":false,"footnotes":""},"class_list":["post-22059","page","type-page","status-publish","has-post-thumbnail","hentry"],"acf":[],"yoast_head":"<!-- This site is optimized with the Yoast SEO plugin v27.0 - https:\/\/yoast.com\/product\/yoast-seo-wordpress\/ -->\n<title>Newsletter - Les Ath\u00e9n\u00e9ennes 2025<\/title>\n<meta name=\"robots\" content=\"index, follow, max-snippet:-1, max-image-preview:large, max-video-preview:-1\" \/>\n<link rel=\"canonical\" href=\"https:\/\/www.lesatheneennes.ch\/archive\/2025\/newsletter\/\" \/>\n<meta property=\"og:locale\" content=\"fr_FR\" \/>\n<meta property=\"og:type\" content=\"article\" \/>\n<meta property=\"og:title\" content=\"Newsletter - Les Ath\u00e9n\u00e9ennes 2025\" \/>\n<meta property=\"og:url\" content=\"https:\/\/www.lesatheneennes.ch\/archive\/2025\/newsletter\/\" \/>\n<meta property=\"og:site_name\" content=\"Les Ath\u00e9n\u00e9ennes 2025\" \/>\n<meta property=\"article:publisher\" content=\"https:\/\/www.facebook.com\/lesatheneennes\/\" \/>\n<meta property=\"article:modified_time\" content=\"2025-06-05T13:35:06+00:00\" \/>\n<meta property=\"og:image\" content=\"https:\/\/www.lesatheneennes.ch\/archive\/2025\/wp-content\/uploads\/2025\/04\/je-12-juin.jpg\" \/>\n\t<meta property=\"og:image:width\" content=\"1418\" \/>\n\t<meta property=\"og:image:height\" content=\"2000\" \/>\n\t<meta property=\"og:image:type\" content=\"image\/jpeg\" \/>\n<meta name=\"twitter:card\" content=\"summary_large_image\" \/>\n<meta name=\"twitter:label1\" content=\"Dur\u00e9e de lecture estim\u00e9e\" \/>\n\t<meta name=\"twitter:data1\" content=\"1 minute\" \/>\n<script type=\"application\/ld+json\" class=\"yoast-schema-graph\">{\"@context\":\"https:\/\/schema.org\",\"@graph\":[{\"@type\":\"WebPage\",\"@id\":\"https:\/\/www.lesatheneennes.ch\/archive\/2025\/newsletter\/\",\"url\":\"https:\/\/www.lesatheneennes.ch\/archive\/2025\/newsletter\/\",\"name\":\"Newsletter - Les Ath\u00e9n\u00e9ennes 2025\",\"isPartOf\":{\"@id\":\"https:\/\/www.lesatheneennes.ch\/archive\/2025\/#website\"},\"primaryImageOfPage\":{\"@id\":\"https:\/\/www.lesatheneennes.ch\/archive\/2025\/newsletter\/#primaryimage\"},\"image\":{\"@id\":\"https:\/\/www.lesatheneennes.ch\/archive\/2025\/newsletter\/#primaryimage\"},\"thumbnailUrl\":\"https:\/\/www.lesatheneennes.ch\/archive\/2025\/wp-content\/uploads\/2025\/04\/je-12-juin.jpg\",\"datePublished\":\"2025-06-05T13:34:05+00:00\",\"dateModified\":\"2025-06-05T13:35:06+00:00\",\"inLanguage\":\"fr-FR\",\"potentialAction\":[{\"@type\":\"ReadAction\",\"target\":[\"https:\/\/www.lesatheneennes.ch\/archive\/2025\/newsletter\/\"]}]},{\"@type\":\"ImageObject\",\"inLanguage\":\"fr-FR\",\"@id\":\"https:\/\/www.lesatheneennes.ch\/archive\/2025\/newsletter\/#primaryimage\",\"url\":\"https:\/\/www.lesatheneennes.ch\/archive\/2025\/wp-content\/uploads\/2025\/04\/je-12-juin.jpg\",\"contentUrl\":\"https:\/\/www.lesatheneennes.ch\/archive\/2025\/wp-content\/uploads\/2025\/04\/je-12-juin.jpg\",\"width\":1418,\"height\":2000},{\"@type\":\"WebSite\",\"@id\":\"https:\/\/www.lesatheneennes.ch\/archive\/2025\/#website\",\"url\":\"https:\/\/www.lesatheneennes.ch\/archive\/2025\/\",\"name\":\"Les Ath\u00e9n\u00e9ennes 2025\",\"description\":\"Festival de musiques Gen\u00e8ve \u2013 14e \u00c9dition\",\"potentialAction\":[{\"@type\":\"SearchAction\",\"target\":{\"@type\":\"EntryPoint\",\"urlTemplate\":\"https:\/\/www.lesatheneennes.ch\/archive\/2025\/?s={search_term_string}\"},\"query-input\":{\"@type\":\"PropertyValueSpecification\",\"valueRequired\":true,\"valueName\":\"search_term_string\"}}],\"inLanguage\":\"fr-FR\"}]}<\/script>\n<!-- \/ Yoast SEO plugin. -->","yoast_head_json":{"title":"Newsletter - Les Ath\u00e9n\u00e9ennes 2025","robots":{"index":"index","follow":"follow","max-snippet":"max-snippet:-1","max-image-preview":"max-image-preview:large","max-video-preview":"max-video-preview:-1"},"canonical":"https:\/\/www.lesatheneennes.ch\/archive\/2025\/newsletter\/","og_locale":"fr_FR","og_type":"article","og_title":"Newsletter - Les Ath\u00e9n\u00e9ennes 2025","og_url":"https:\/\/www.lesatheneennes.ch\/archive\/2025\/newsletter\/","og_site_name":"Les Ath\u00e9n\u00e9ennes 2025","article_publisher":"https:\/\/www.facebook.com\/lesatheneennes\/","article_modified_time":"2025-06-05T13:35:06+00:00","og_image":[{"width":1418,"height":2000,"url":"https:\/\/www.lesatheneennes.ch\/archive\/2025\/wp-content\/uploads\/2025\/04\/je-12-juin.jpg","type":"image\/jpeg"}],"twitter_card":"summary_large_image","twitter_misc":{"Dur\u00e9e de lecture estim\u00e9e":"1 minute"},"schema":{"@context":"https:\/\/schema.org","@graph":[{"@type":"WebPage","@id":"https:\/\/www.lesatheneennes.ch\/archive\/2025\/newsletter\/","url":"https:\/\/www.lesatheneennes.ch\/archive\/2025\/newsletter\/","name":"Newsletter - Les Ath\u00e9n\u00e9ennes 2025","isPartOf":{"@id":"https:\/\/www.lesatheneennes.ch\/archive\/2025\/#website"},"primaryImageOfPage":{"@id":"https:\/\/www.lesatheneennes.ch\/archive\/2025\/newsletter\/#primaryimage"},"image":{"@id":"https:\/\/www.lesatheneennes.ch\/archive\/2025\/newsletter\/#primaryimage"},"thumbnailUrl":"https:\/\/www.lesatheneennes.ch\/archive\/2025\/wp-content\/uploads\/2025\/04\/je-12-juin.jpg","datePublished":"2025-06-05T13:34:05+00:00","dateModified":"2025-06-05T13:35:06+00:00","inLanguage":"fr-FR","potentialAction":[{"@type":"ReadAction","target":["https:\/\/www.lesatheneennes.ch\/archive\/2025\/newsletter\/"]}]},{"@type":"ImageObject","inLanguage":"fr-FR","@id":"https:\/\/www.lesatheneennes.ch\/archive\/2025\/newsletter\/#primaryimage","url":"https:\/\/www.lesatheneennes.ch\/archive\/2025\/wp-content\/uploads\/2025\/04\/je-12-juin.jpg","contentUrl":"https:\/\/www.lesatheneennes.ch\/archive\/2025\/wp-content\/uploads\/2025\/04\/je-12-juin.jpg","width":1418,"height":2000},{"@type":"WebSite","@id":"https:\/\/www.lesatheneennes.ch\/archive\/2025\/#website","url":"https:\/\/www.lesatheneennes.ch\/archive\/2025\/","name":"Les Ath\u00e9n\u00e9ennes 2025","description":"Festival de musiques Gen\u00e8ve \u2013 14e \u00c9dition","potentialAction":[{"@type":"SearchAction","target":{"@type":"EntryPoint","urlTemplate":"https:\/\/www.lesatheneennes.ch\/archive\/2025\/?s={search_term_string}"},"query-input":{"@type":"PropertyValueSpecification","valueRequired":true,"valueName":"search_term_string"}}],"inLanguage":"fr-FR"}]}},"_links":{"self":[{"href":"https:\/\/www.lesatheneennes.ch\/archive\/2025\/wp-json\/wp\/v2\/pages\/22059","targetHints":{"allow":["GET"]}}],"collection":[{"href":"https:\/\/www.lesatheneennes.ch\/archive\/2025\/wp-json\/wp\/v2\/pages"}],"about":[{"href":"https:\/\/www.lesatheneennes.ch\/archive\/2025\/wp-json\/wp\/v2\/types\/page"}],"author":[{"embeddable":true,"href":"https:\/\/www.lesatheneennes.ch\/archive\/2025\/wp-json\/wp\/v2\/users\/1"}],"replies":[{"embeddable":true,"href":"https:\/\/www.lesatheneennes.ch\/archive\/2025\/wp-json\/wp\/v2\/comments?post=22059"}],"version-history":[{"count":4,"href":"https:\/\/www.lesatheneennes.ch\/archive\/2025\/wp-json\/wp\/v2\/pages\/22059\/revisions"}],"predecessor-version":[{"id":22064,"href":"https:\/\/www.lesatheneennes.ch\/archive\/2025\/wp-json\/wp\/v2\/pages\/22059\/revisions\/22064"}],"wp:featuredmedia":[{"embeddable":true,"href":"https:\/\/www.lesatheneennes.ch\/archive\/2025\/wp-json\/wp\/v2\/media\/21753"}],"wp:attachment":[{"href":"https:\/\/www.lesatheneennes.ch\/archive\/2025\/wp-json\/wp\/v2\/media?parent=22059"}],"curies":[{"name":"wp","href":"https:\/\/api.w.org\/{rel}","templated":true}]}}