{"id":3754,"date":"2018-05-23T09:37:21","date_gmt":"2018-05-23T07:37:21","guid":{"rendered":"https:\/\/www.lesatheneennes.ch\/archive\/2025\/?page_id=3754"},"modified":"2025-05-12T11:31:31","modified_gmt":"2025-05-12T09:31:31","slug":"cercle-amis-atheneennes","status":"publish","type":"page","link":"https:\/\/www.lesatheneennes.ch\/archive\/2025\/cercle-amis-atheneennes\/","title":{"rendered":"Cercle des ami.e.s des Ath\u00e9n\u00e9ennes"},"content":{"rendered":"","protected":false},"excerpt":{"rendered":"","protected":false},"author":1,"featured_media":21732,"parent":0,"menu_order":0,"comment_status":"closed","ping_status":"closed","template":"amis-des-atheneennes.php","meta":{"_acf_changed":false,"footnotes":""},"class_list":["post-3754","page","type-page","status-publish","has-post-thumbnail","hentry"],"acf":[],"yoast_head":"<!-- This site is optimized with the Yoast SEO plugin v27.0 - https:\/\/yoast.com\/product\/yoast-seo-wordpress\/ -->\n<title>Cercle des ami.e.s des Ath\u00e9n\u00e9ennes - Les Ath\u00e9n\u00e9ennes 2025<\/title>\n<meta name=\"robots\" content=\"index, follow, max-snippet:-1, max-image-preview:large, max-video-preview:-1\" \/>\n<link rel=\"canonical\" href=\"https:\/\/www.lesatheneennes.ch\/archive\/2025\/cercle-amis-atheneennes\/\" \/>\n<meta property=\"og:locale\" content=\"fr_FR\" \/>\n<meta property=\"og:type\" content=\"article\" \/>\n<meta property=\"og:title\" content=\"Cercle des ami.e.s des Ath\u00e9n\u00e9ennes - Les Ath\u00e9n\u00e9ennes 2025\" \/>\n<meta property=\"og:url\" content=\"https:\/\/www.lesatheneennes.ch\/archive\/2025\/cercle-amis-atheneennes\/\" \/>\n<meta property=\"og:site_name\" content=\"Les Ath\u00e9n\u00e9ennes 2025\" \/>\n<meta property=\"article:publisher\" content=\"https:\/\/www.facebook.com\/lesatheneennes\/\" \/>\n<meta property=\"article:modified_time\" content=\"2025-05-12T09:31:31+00:00\" \/>\n<meta property=\"og:image\" content=\"https:\/\/www.lesatheneennes.ch\/archive\/2025\/wp-content\/uploads\/2025\/04\/sa-7-juin.jpg\" \/>\n\t<meta property=\"og:image:width\" content=\"1411\" \/>\n\t<meta property=\"og:image:height\" content=\"2000\" \/>\n\t<meta property=\"og:image:type\" content=\"image\/jpeg\" \/>\n<meta name=\"twitter:card\" content=\"summary_large_image\" \/>\n<meta name=\"twitter:label1\" content=\"Dur\u00e9e de lecture estim\u00e9e\" \/>\n\t<meta name=\"twitter:data1\" content=\"1 minute\" \/>\n<script type=\"application\/ld+json\" class=\"yoast-schema-graph\">{\"@context\":\"https:\/\/schema.org\",\"@graph\":[{\"@type\":\"WebPage\",\"@id\":\"https:\/\/www.lesatheneennes.ch\/archive\/2025\/cercle-amis-atheneennes\/\",\"url\":\"https:\/\/www.lesatheneennes.ch\/archive\/2025\/cercle-amis-atheneennes\/\",\"name\":\"Cercle des ami.e.s des Ath\u00e9n\u00e9ennes - Les Ath\u00e9n\u00e9ennes 2025\",\"isPartOf\":{\"@id\":\"https:\/\/www.lesatheneennes.ch\/archive\/2025\/#website\"},\"primaryImageOfPage\":{\"@id\":\"https:\/\/www.lesatheneennes.ch\/archive\/2025\/cercle-amis-atheneennes\/#primaryimage\"},\"image\":{\"@id\":\"https:\/\/www.lesatheneennes.ch\/archive\/2025\/cercle-amis-atheneennes\/#primaryimage\"},\"thumbnailUrl\":\"https:\/\/www.lesatheneennes.ch\/archive\/2025\/wp-content\/uploads\/2025\/04\/sa-7-juin.jpg\",\"datePublished\":\"2018-05-23T07:37:21+00:00\",\"dateModified\":\"2025-05-12T09:31:31+00:00\",\"inLanguage\":\"fr-FR\",\"potentialAction\":[{\"@type\":\"ReadAction\",\"target\":[\"https:\/\/www.lesatheneennes.ch\/archive\/2025\/cercle-amis-atheneennes\/\"]}]},{\"@type\":\"ImageObject\",\"inLanguage\":\"fr-FR\",\"@id\":\"https:\/\/www.lesatheneennes.ch\/archive\/2025\/cercle-amis-atheneennes\/#primaryimage\",\"url\":\"https:\/\/www.lesatheneennes.ch\/archive\/2025\/wp-content\/uploads\/2025\/04\/sa-7-juin.jpg\",\"contentUrl\":\"https:\/\/www.lesatheneennes.ch\/archive\/2025\/wp-content\/uploads\/2025\/04\/sa-7-juin.jpg\",\"width\":1411,\"height\":2000},{\"@type\":\"WebSite\",\"@id\":\"https:\/\/www.lesatheneennes.ch\/archive\/2025\/#website\",\"url\":\"https:\/\/www.lesatheneennes.ch\/archive\/2025\/\",\"name\":\"Les Ath\u00e9n\u00e9ennes 2025\",\"description\":\"Festival de musiques Gen\u00e8ve \u2013 14e \u00c9dition\",\"potentialAction\":[{\"@type\":\"SearchAction\",\"target\":{\"@type\":\"EntryPoint\",\"urlTemplate\":\"https:\/\/www.lesatheneennes.ch\/archive\/2025\/?s={search_term_string}\"},\"query-input\":{\"@type\":\"PropertyValueSpecification\",\"valueRequired\":true,\"valueName\":\"search_term_string\"}}],\"inLanguage\":\"fr-FR\"}]}<\/script>\n<!-- \/ Yoast SEO plugin. -->","yoast_head_json":{"title":"Cercle des ami.e.s des Ath\u00e9n\u00e9ennes - Les Ath\u00e9n\u00e9ennes 2025","robots":{"index":"index","follow":"follow","max-snippet":"max-snippet:-1","max-image-preview":"max-image-preview:large","max-video-preview":"max-video-preview:-1"},"canonical":"https:\/\/www.lesatheneennes.ch\/archive\/2025\/cercle-amis-atheneennes\/","og_locale":"fr_FR","og_type":"article","og_title":"Cercle des ami.e.s des Ath\u00e9n\u00e9ennes - Les Ath\u00e9n\u00e9ennes 2025","og_url":"https:\/\/www.lesatheneennes.ch\/archive\/2025\/cercle-amis-atheneennes\/","og_site_name":"Les Ath\u00e9n\u00e9ennes 2025","article_publisher":"https:\/\/www.facebook.com\/lesatheneennes\/","article_modified_time":"2025-05-12T09:31:31+00:00","og_image":[{"width":1411,"height":2000,"url":"https:\/\/www.lesatheneennes.ch\/archive\/2025\/wp-content\/uploads\/2025\/04\/sa-7-juin.jpg","type":"image\/jpeg"}],"twitter_card":"summary_large_image","twitter_misc":{"Dur\u00e9e de lecture estim\u00e9e":"1 minute"},"schema":{"@context":"https:\/\/schema.org","@graph":[{"@type":"WebPage","@id":"https:\/\/www.lesatheneennes.ch\/archive\/2025\/cercle-amis-atheneennes\/","url":"https:\/\/www.lesatheneennes.ch\/archive\/2025\/cercle-amis-atheneennes\/","name":"Cercle des ami.e.s des Ath\u00e9n\u00e9ennes - Les Ath\u00e9n\u00e9ennes 2025","isPartOf":{"@id":"https:\/\/www.lesatheneennes.ch\/archive\/2025\/#website"},"primaryImageOfPage":{"@id":"https:\/\/www.lesatheneennes.ch\/archive\/2025\/cercle-amis-atheneennes\/#primaryimage"},"image":{"@id":"https:\/\/www.lesatheneennes.ch\/archive\/2025\/cercle-amis-atheneennes\/#primaryimage"},"thumbnailUrl":"https:\/\/www.lesatheneennes.ch\/archive\/2025\/wp-content\/uploads\/2025\/04\/sa-7-juin.jpg","datePublished":"2018-05-23T07:37:21+00:00","dateModified":"2025-05-12T09:31:31+00:00","inLanguage":"fr-FR","potentialAction":[{"@type":"ReadAction","target":["https:\/\/www.lesatheneennes.ch\/archive\/2025\/cercle-amis-atheneennes\/"]}]},{"@type":"ImageObject","inLanguage":"fr-FR","@id":"https:\/\/www.lesatheneennes.ch\/archive\/2025\/cercle-amis-atheneennes\/#primaryimage","url":"https:\/\/www.lesatheneennes.ch\/archive\/2025\/wp-content\/uploads\/2025\/04\/sa-7-juin.jpg","contentUrl":"https:\/\/www.lesatheneennes.ch\/archive\/2025\/wp-content\/uploads\/2025\/04\/sa-7-juin.jpg","width":1411,"height":2000},{"@type":"WebSite","@id":"https:\/\/www.lesatheneennes.ch\/archive\/2025\/#website","url":"https:\/\/www.lesatheneennes.ch\/archive\/2025\/","name":"Les Ath\u00e9n\u00e9ennes 2025","description":"Festival de musiques Gen\u00e8ve \u2013 14e \u00c9dition","potentialAction":[{"@type":"SearchAction","target":{"@type":"EntryPoint","urlTemplate":"https:\/\/www.lesatheneennes.ch\/archive\/2025\/?s={search_term_string}"},"query-input":{"@type":"PropertyValueSpecification","valueRequired":true,"valueName":"search_term_string"}}],"inLanguage":"fr-FR"}]}},"_links":{"self":[{"href":"https:\/\/www.lesatheneennes.ch\/archive\/2025\/wp-json\/wp\/v2\/pages\/3754","targetHints":{"allow":["GET"]}}],"collection":[{"href":"https:\/\/www.lesatheneennes.ch\/archive\/2025\/wp-json\/wp\/v2\/pages"}],"about":[{"href":"https:\/\/www.lesatheneennes.ch\/archive\/2025\/wp-json\/wp\/v2\/types\/page"}],"author":[{"embeddable":true,"href":"https:\/\/www.lesatheneennes.ch\/archive\/2025\/wp-json\/wp\/v2\/users\/1"}],"replies":[{"embeddable":true,"href":"https:\/\/www.lesatheneennes.ch\/archive\/2025\/wp-json\/wp\/v2\/comments?post=3754"}],"version-history":[{"count":83,"href":"https:\/\/www.lesatheneennes.ch\/archive\/2025\/wp-json\/wp\/v2\/pages\/3754\/revisions"}],"predecessor-version":[{"id":22041,"href":"https:\/\/www.lesatheneennes.ch\/archive\/2025\/wp-json\/wp\/v2\/pages\/3754\/revisions\/22041"}],"wp:featuredmedia":[{"embeddable":true,"href":"https:\/\/www.lesatheneennes.ch\/archive\/2025\/wp-json\/wp\/v2\/media\/21732"}],"wp:attachment":[{"href":"https:\/\/www.lesatheneennes.ch\/archive\/2025\/wp-json\/wp\/v2\/media?parent=3754"}],"curies":[{"name":"wp","href":"https:\/\/api.w.org\/{rel}","templated":true}]}}