{"id":4955,"date":"2019-04-01T15:27:36","date_gmt":"2019-04-01T13:27:36","guid":{"rendered":"https:\/\/www.lesatheneennes.ch\/archive\/2025\/?page_id=4955"},"modified":"2025-03-31T10:50:04","modified_gmt":"2025-03-31T08:50:04","slug":"accueil-2024","status":"publish","type":"page","link":"https:\/\/www.lesatheneennes.ch\/archive\/2025\/","title":{"rendered":"Accueil 2025"},"content":{"rendered":"","protected":false},"excerpt":{"rendered":"","protected":false},"author":1,"featured_media":0,"parent":0,"menu_order":0,"comment_status":"closed","ping_status":"closed","template":"accueil-2025.php","meta":{"_acf_changed":false,"footnotes":""},"class_list":["post-4955","page","type-page","status-publish","hentry"],"acf":[],"yoast_head":"<!-- This site is optimized with the Yoast SEO plugin v27.0 - https:\/\/yoast.com\/product\/yoast-seo-wordpress\/ -->\n<title>Les Ath\u00e9n\u00e9ennes 2025<\/title>\n<meta name=\"description\" content=\"Festival Les Ath\u00e9n\u00e9enne 2024 - du 30 mai au 8 juin \u2013 13e festival de musique Gen\u00e8ve\" \/>\n<meta name=\"robots\" content=\"index, follow, max-snippet:-1, max-image-preview:large, max-video-preview:-1\" \/>\n<link rel=\"canonical\" href=\"https:\/\/www.lesatheneennes.ch\/archive\/2025\/\" \/>\n<meta property=\"og:locale\" content=\"fr_FR\" \/>\n<meta property=\"og:type\" content=\"article\" \/>\n<meta property=\"og:title\" content=\"Les Ath\u00e9n\u00e9ennes 2025\" \/>\n<meta property=\"og:description\" content=\"Festival Les Ath\u00e9n\u00e9enne 2024 - du 30 mai au 8 juin \u2013 13e festival de musique Gen\u00e8ve\" \/>\n<meta property=\"og:url\" content=\"https:\/\/www.lesatheneennes.ch\/archive\/2025\/\" \/>\n<meta property=\"og:site_name\" content=\"Les Ath\u00e9n\u00e9ennes 2025\" \/>\n<meta property=\"article:publisher\" content=\"https:\/\/www.facebook.com\/lesatheneennes\/\" \/>\n<meta property=\"article:modified_time\" content=\"2025-03-31T08:50:04+00:00\" \/>\n<meta name=\"twitter:card\" content=\"summary_large_image\" \/>\n<script type=\"application\/ld+json\" class=\"yoast-schema-graph\">{\"@context\":\"https:\/\/schema.org\",\"@graph\":[{\"@type\":\"WebPage\",\"@id\":\"https:\/\/www.lesatheneennes.ch\/archive\/2025\/\",\"url\":\"https:\/\/www.lesatheneennes.ch\/archive\/2025\/\",\"name\":\"Les Ath\u00e9n\u00e9ennes 2025\",\"isPartOf\":{\"@id\":\"https:\/\/www.lesatheneennes.ch\/archive\/2025\/#website\"},\"datePublished\":\"2019-04-01T13:27:36+00:00\",\"dateModified\":\"2025-03-31T08:50:04+00:00\",\"description\":\"Festival Les Ath\u00e9n\u00e9enne 2024 - du 30 mai au 8 juin \u2013 13e festival de musique Gen\u00e8ve\",\"inLanguage\":\"fr-FR\",\"potentialAction\":[{\"@type\":\"ReadAction\",\"target\":[\"https:\/\/www.lesatheneennes.ch\/archive\/2025\/\"]}]},{\"@type\":\"WebSite\",\"@id\":\"https:\/\/www.lesatheneennes.ch\/archive\/2025\/#website\",\"url\":\"https:\/\/www.lesatheneennes.ch\/archive\/2025\/\",\"name\":\"Les Ath\u00e9n\u00e9ennes 2025\",\"description\":\"Festival de musiques Gen\u00e8ve \u2013 14e \u00c9dition\",\"potentialAction\":[{\"@type\":\"SearchAction\",\"target\":{\"@type\":\"EntryPoint\",\"urlTemplate\":\"https:\/\/www.lesatheneennes.ch\/archive\/2025\/?s={search_term_string}\"},\"query-input\":{\"@type\":\"PropertyValueSpecification\",\"valueRequired\":true,\"valueName\":\"search_term_string\"}}],\"inLanguage\":\"fr-FR\"}]}<\/script>\n<!-- \/ Yoast SEO plugin. -->","yoast_head_json":{"title":"Les Ath\u00e9n\u00e9ennes 2025","description":"Festival Les Ath\u00e9n\u00e9enne 2024 - du 30 mai au 8 juin \u2013 13e festival de musique Gen\u00e8ve","robots":{"index":"index","follow":"follow","max-snippet":"max-snippet:-1","max-image-preview":"max-image-preview:large","max-video-preview":"max-video-preview:-1"},"canonical":"https:\/\/www.lesatheneennes.ch\/archive\/2025\/","og_locale":"fr_FR","og_type":"article","og_title":"Les Ath\u00e9n\u00e9ennes 2025","og_description":"Festival Les Ath\u00e9n\u00e9enne 2024 - du 30 mai au 8 juin \u2013 13e festival de musique Gen\u00e8ve","og_url":"https:\/\/www.lesatheneennes.ch\/archive\/2025\/","og_site_name":"Les Ath\u00e9n\u00e9ennes 2025","article_publisher":"https:\/\/www.facebook.com\/lesatheneennes\/","article_modified_time":"2025-03-31T08:50:04+00:00","twitter_card":"summary_large_image","schema":{"@context":"https:\/\/schema.org","@graph":[{"@type":"WebPage","@id":"https:\/\/www.lesatheneennes.ch\/archive\/2025\/","url":"https:\/\/www.lesatheneennes.ch\/archive\/2025\/","name":"Les Ath\u00e9n\u00e9ennes 2025","isPartOf":{"@id":"https:\/\/www.lesatheneennes.ch\/archive\/2025\/#website"},"datePublished":"2019-04-01T13:27:36+00:00","dateModified":"2025-03-31T08:50:04+00:00","description":"Festival Les Ath\u00e9n\u00e9enne 2024 - du 30 mai au 8 juin \u2013 13e festival de musique Gen\u00e8ve","inLanguage":"fr-FR","potentialAction":[{"@type":"ReadAction","target":["https:\/\/www.lesatheneennes.ch\/archive\/2025\/"]}]},{"@type":"WebSite","@id":"https:\/\/www.lesatheneennes.ch\/archive\/2025\/#website","url":"https:\/\/www.lesatheneennes.ch\/archive\/2025\/","name":"Les Ath\u00e9n\u00e9ennes 2025","description":"Festival de musiques Gen\u00e8ve \u2013 14e \u00c9dition","potentialAction":[{"@type":"SearchAction","target":{"@type":"EntryPoint","urlTemplate":"https:\/\/www.lesatheneennes.ch\/archive\/2025\/?s={search_term_string}"},"query-input":{"@type":"PropertyValueSpecification","valueRequired":true,"valueName":"search_term_string"}}],"inLanguage":"fr-FR"}]}},"_links":{"self":[{"href":"https:\/\/www.lesatheneennes.ch\/archive\/2025\/wp-json\/wp\/v2\/pages\/4955","targetHints":{"allow":["GET"]}}],"collection":[{"href":"https:\/\/www.lesatheneennes.ch\/archive\/2025\/wp-json\/wp\/v2\/pages"}],"about":[{"href":"https:\/\/www.lesatheneennes.ch\/archive\/2025\/wp-json\/wp\/v2\/types\/page"}],"author":[{"embeddable":true,"href":"https:\/\/www.lesatheneennes.ch\/archive\/2025\/wp-json\/wp\/v2\/users\/1"}],"replies":[{"embeddable":true,"href":"https:\/\/www.lesatheneennes.ch\/archive\/2025\/wp-json\/wp\/v2\/comments?post=4955"}],"version-history":[{"count":125,"href":"https:\/\/www.lesatheneennes.ch\/archive\/2025\/wp-json\/wp\/v2\/pages\/4955\/revisions"}],"predecessor-version":[{"id":21491,"href":"https:\/\/www.lesatheneennes.ch\/archive\/2025\/wp-json\/wp\/v2\/pages\/4955\/revisions\/21491"}],"wp:attachment":[{"href":"https:\/\/www.lesatheneennes.ch\/archive\/2025\/wp-json\/wp\/v2\/media?parent=4955"}],"curies":[{"name":"wp","href":"https:\/\/api.w.org\/{rel}","templated":true}]}}